{"id":176,"date":"2015-11-11T13:47:08","date_gmt":"2015-11-11T12:47:08","guid":{"rendered":"http:\/\/squash.dk\/teglovn2015\/?page_id=176"},"modified":"2024-09-27T12:16:17","modified_gmt":"2024-09-27T11:16:17","slug":"forside","status":"publish","type":"page","link":"https:\/\/teglovn.dk\/en\/","title":{"rendered":"Frontpage"},"content":{"rendered":"<p><img loading=\"lazy\" decoding=\"async\" class=\"aligncenter size-full wp-image-2413\" src=\"\/wp-content\/uploads\/2021\/12\/Sk\u00e6rmbillede-2021-12-15-kl.-09.30.19.png\" alt=\"\" width=\"2394\" height=\"696\" srcset=\"https:\/\/teglovn.dk\/wp-content\/uploads\/2021\/12\/Sk\u00e6rmbillede-2021-12-15-kl.-09.30.19.png 2394w, https:\/\/teglovn.dk\/wp-content\/uploads\/2021\/12\/Sk\u00e6rmbillede-2021-12-15-kl.-09.30.19-300x87.png 300w, https:\/\/teglovn.dk\/wp-content\/uploads\/2021\/12\/Sk\u00e6rmbillede-2021-12-15-kl.-09.30.19-768x223.png 768w, https:\/\/teglovn.dk\/wp-content\/uploads\/2021\/12\/Sk\u00e6rmbillede-2021-12-15-kl.-09.30.19-1024x298.png 1024w\" sizes=\"(max-width: 2394px) 100vw, 2394px\" \/><\/p>\n<div class=\"fusion-sep-clear\"><\/div>\n<div id=\"pakke_01\" class=\"fusion-separator sep-none\" style=\"border-color: #e0dede; margin-top: 40px; margin-bottom: 40px; width: 100%;\"><\/div>\n<div class=\"fusion-one-third one_third fusion-column\">\n<p><a href=\"https:\/\/teglovn.dk\/wp-content\/uploads\/2024\/08\/landejendom_vip_lille.jpg\"><img loading=\"lazy\" decoding=\"async\" class=\"wp-image-2745 size-full aligncenter\" src=\"https:\/\/teglovn.dk\/wp-content\/uploads\/2024\/08\/landejendom_vip_lille.jpg\" alt=\"\" width=\"300\" height=\"225\" \/><\/a><\/p>\n<h3><b>Hobby Farming<\/b><\/h3>\n<p><span style=\"font-weight: 400;\">When purchasing af rural property, DE purchase agreement<\/span><\/p>\n<ul>\n<li style=\"font-weight: 400;\"><span style=\"font-weight: 400;\">When buying detached, villa, cottage, condominium (DE purchase agreement)<\/span><\/li>\n<li style=\"font-weight: 400;\"><span style=\"font-weight: 400;\">You get a personal legal advisor<\/span><\/li>\n<li style=\"font-weight: 400;\"><span style=\"font-weight: 400;\">We review the purchase agreement and all documents<\/span><\/li>\n<li style=\"font-weight: 400;\"><span style=\"font-weight: 400;\">We make approval letter and ensure compliance.<\/span><\/li>\n<li style=\"font-weight: 400;\"><span style=\"font-weight: 400;\">We draft and verify the deed.<\/span><\/li>\n<li>We prepare and verify the statement of adjustments<\/li>\n<li>We review and advise on insurance offers<\/li>\n<li style=\"font-weight: 400;\"><span style=\"font-weight: 400;\">We coordinate the deal with your bank and broker for flexible case handling<\/span><\/li>\n<li style=\"font-weight: 400;\"><span style=\"font-weight: 400;\">Legal advice and assistance throughout the deal.<\/span><\/li>\n<li>Possibility of negotiating price and terms<\/li>\n<li>Price check<\/li>\n<li style=\"font-weight: 400;\"><span style=\"font-weight: 400;\">Communication and advising in Danish<\/span><\/li>\n<\/ul>\n<\/div>\n<div class=\"fusion-one-third one_third fusion-column\">\n<a href=\"https:\/\/teglovn.dk\/wp-content\/uploads\/2016\/11\/hus01-300x225.jpg\"><img loading=\"lazy\" decoding=\"async\" class=\"size-full wp-image-23 aligncenter\" src=\"https:\/\/teglovn.dk\/wp-content\/uploads\/2016\/11\/hus01-300x225.jpg\" alt=\"hus01-300x225\" width=\"300\" height=\"225\" \/><\/a><\/p>\n<h3><strong><b>VIP package, Communication and advising in English<\/b><\/strong><\/h3>\n<p><span style=\"font-weight: 400;\">Purchases of detached, villa, cottage, condominium<\/span><\/p>\n<ul>\n<li><span style=\"font-weight: 400;\">When buying detached, villa, cottage, condominium (DE purchase agreement)<\/span><\/li>\n<li><span style=\"font-weight: 400;\">You get a personal legal advisor<\/span><\/li>\n<li><span style=\"font-weight: 400;\">We review the purchase agreement and all documents<\/span><\/li>\n<li><span style=\"font-weight: 400;\">We make approval letter and ensure compliance.<\/span><\/li>\n<li><span style=\"font-weight: 400;\">We prepare or control the deed<\/span><\/li>\n<li><span style=\"font-weight: 400;\">We will review and advise on insurance quote<\/span><\/li>\n<li><span style=\"font-weight: 400;\">We coordinate the deal with your bank and broker for flexible case handling<\/span><\/li>\n<li><span style=\"font-weight: 400;\">Legal advice and assistance throughout the deal.<\/span><\/li>\n<li><span style=\"font-weight: 400;\">Ability to negotiate price and terms<\/span><\/li>\n<li><span style=\"font-weight: 400;\">Ability for Price Check<\/span><\/li>\n<\/ul>\n<\/div>\n<div class=\"fusion-one-third one_third fusion-column last\">\n<p><a href=\"https:\/\/teglovn.dk\/wp-content\/uploads\/2016\/11\/hus02-300x225.jpg\"><img loading=\"lazy\" decoding=\"async\" class=\"size-full wp-image-24 aligncenter\" src=\"https:\/\/teglovn.dk\/wp-content\/uploads\/2016\/11\/hus02-300x225.jpg\" alt=\"hus02-300x225\" width=\"300\" height=\"225\" \/><\/a><\/p>\n<h3><b>Without Real-estate agent Package<\/b><\/h3>\n<p><span style=\"font-weight: 400;\">Purchases of detached, villa, cottage, without aut. DE purchase agreement<\/span><\/p>\n<ul>\n<li><span style=\"font-weight: 400;\">You get a personal legal advisor<\/span><\/li>\n<li><span style=\"font-weight: 400;\">We review the purchase agreement and all documents<\/span><\/li>\n<li><span style=\"font-weight: 400;\">We make approval letter and ensure compliance.<\/span><\/li>\n<li><span style=\"font-weight: 400;\">We prepare or control the deed<\/span><\/li>\n<li><span style=\"font-weight: 400;\">We will review and advise on insurance quote<\/span><\/li>\n<li><span style=\"font-weight: 400;\">We coordinate the deal with your bank and selling \/ lawyer for flexible case handling<\/span><\/li>\n<li><span style=\"font-weight: 400;\">Legal advice and assistance throughout the deal.<\/span><\/li>\n<li><span style=\"font-weight: 400;\">Acquisition \u2013 possibility to negotiate price and terms \u2013 recommended<\/span><\/li>\n<li><span style=\"font-weight: 400;\">Acquisition \u2013 possibility of price check \u2013 recommendeds<\/span><\/li>\n<\/ul>\n<\/div><div class=\"fusion-clearfix\"><\/div>\n<div class=\"fusion-one-third one_third fusion-column\">\n<h3 style=\"text-align: center;\"><strong>Kr. 8.995.-<\/strong><\/h3>\n<p style=\"text-align: center;\"><a class=\"maxbutton-1\" href=\"#kontakt01\">Contact<\/a><\/p>\n<\/div>\n<div class=\"fusion-one-third one_third fusion-column\">\n<h3 style=\"text-align: center;\"><strong>Kr. 5.995.-<\/strong><\/h3>\n<p style=\"text-align: center;\"><a class=\"maxbutton-1\" href=\"#kontakt01\">Contact<\/a><\/p>\n<\/div>\n<div class=\"fusion-one-third one_third fusion-column last\">\n<h3 style=\"text-align: center;\"><strong>Kr. 7.995.-<\/strong><\/h3>\n<p style=\"text-align: center;\"><a class=\"maxbutton-1\" href=\"#kontakt01\">Contact<\/a><\/p>\n<\/div><div class=\"fusion-clearfix\"><\/div>\n<div class=\"fusion-one-third one_third fusion-column\">\n<p><img loading=\"lazy\" decoding=\"async\" class=\"aligncenter size-full wp-image-44\" src=\"https:\/\/teglovn.dk\/wp-content\/uploads\/2016\/11\/skilsmisse01-300x225.jpg\" alt=\"skilsmisse01-300x225\" width=\"300\" height=\"225\" \/><\/p>\n<h3><b>Divorce package, ad new owner or change to one owner<\/b><\/h3>\n<ul>\n<li style=\"font-weight: 400;\"><span style=\"font-weight: 400;\">You will have a personal legal advisor<\/span><\/li>\n<li style=\"font-weight: 400;\"><span style=\"font-weight: 400;\">We change the deed of the property over to the permanent party<\/span><\/li>\n<li style=\"font-weight: 400;\"><span style=\"font-weight: 400;\">Or new owner joins<\/span><\/li>\n<li style=\"font-weight: 400;\"><span style=\"font-weight: 400;\">We coordinate the deal with your bank<\/span><\/li>\n<li style=\"font-weight: 400;\"><span style=\"font-weight: 400;\">We advise on minimizing costs<\/span><\/li>\n<li style=\"font-weight: 400;\"><span style=\"font-weight: 400;\">We provide the registration<\/span><\/li>\n<\/ul>\n<\/div>\n<div class=\"fusion-one-third one_third fusion-column\">\n<p><img loading=\"lazy\" decoding=\"async\" class=\"aligncenter size-full wp-image-45\" src=\"https:\/\/teglovn.dk\/wp-content\/uploads\/2016\/11\/andel01-300x225.jpg\" alt=\"andel01-300x225\" width=\"300\" height=\"225\" \/><\/p>\n<h3><strong>Cooperative housing <\/strong><\/h3>\n<p><span style=\"font-weight: 400;\">Purchase of cooperative housing<\/span><\/p>\n<ul>\n<li style=\"font-weight: 400;\"><span style=\"font-weight: 400;\">You get a personal legal advisor<\/span><\/li>\n<li style=\"font-weight: 400;\"><span style=\"font-weight: 400;\">Advising and communication in English<\/span><\/li>\n<li style=\"font-weight: 400;\"><span style=\"font-weight: 400;\">We review the purchase agreement and all documents<\/span><\/li>\n<li style=\"font-weight: 400;\"><span style=\"font-weight: 400;\">We make approval letter and ensure compliance.<\/span><\/li>\n<li style=\"font-weight: 400;\"><span style=\"font-weight: 400;\">We will review and advise on insurance quote<\/span><\/li>\n<li style=\"font-weight: 400;\"><span style=\"font-weight: 400;\">We coordinate with your bank and administrator of flexible case handling<\/span><\/li>\n<li style=\"font-weight: 400;\"><span style=\"font-weight: 400;\">Legal advice and assistance throughout the deal.<\/span><\/li>\n<li style=\"font-weight: 400;\"><span style=\"font-weight: 400;\">Ability to negotiate price and terms<\/span><\/li>\n<li style=\"font-weight: 400;\"><span style=\"font-weight: 400;\">Price Check.<\/span><\/li>\n<\/ul>\n<\/div>\n<div class=\"fusion-one-third one_third fusion-column last\">\n<p><img loading=\"lazy\" decoding=\"async\" class=\"aligncenter size-full wp-image-46\" src=\"https:\/\/teglovn.dk\/wp-content\/uploads\/2016\/11\/salg01-300x225.jpg\" alt=\"salg01-300x225\" width=\"300\" height=\"225\" \/><\/p>\n<h3><strong>Seller package<\/strong><\/h3>\n<p><span style=\"font-weight: 400;\">Advising when you want to sell your property detached or villa, cottage, condominium<\/span><\/p>\n<ul>\n<li style=\"font-weight: 400;\"><span style=\"font-weight: 400;\">You get a personal legal advisor<\/span><\/li>\n<li style=\"font-weight: 400;\"><span style=\"font-weight: 400;\">We review the purchase agreement, sales budget and all documents<\/span><\/li>\n<li style=\"font-weight: 400;\"><span style=\"font-weight: 400;\">We make approval letter and ensure compliance.<\/span><\/li>\n<li style=\"font-weight: 400;\"><span style=\"font-weight: 400;\">We prepare or control the deed<\/span><\/li>\n<li style=\"font-weight: 400;\"><span style=\"font-weight: 400;\">We coordinate the deal with your bank and broker for flexible case handling<\/span><\/li>\n<li style=\"font-weight: 400;\"><span style=\"font-weight: 400;\">Legal advice and assistance at closing.<\/span><\/li>\n<li style=\"font-weight: 400;\"><span style=\"font-weight: 400;\">Advising and communication in English<\/span><\/li>\n<\/ul>\n<\/div><div class=\"fusion-clearfix\"><\/div>\n<div class=\"fusion-one-third one_third fusion-column\">\n<h3 style=\"text-align: center;\"><strong>Kr. 4.995.-<\/strong><\/h3>\n<p style=\"text-align: center;\"><a class=\"maxbutton-1\" href=\"#kontakt01\">Contact<\/a><\/p>\n<\/div>\n<div class=\"fusion-one-third one_third fusion-column\">\n<h3 style=\"text-align: center;\"><strong>Kr. 5.995.-<\/strong><\/h3>\n<p style=\"text-align: center;\"><a class=\"maxbutton-1\" href=\"#kontakt01\">Contact<\/a><\/p>\n<\/div>\n<div class=\"fusion-one-third one_third fusion-column last\">\n<h3 style=\"text-align: center;\"><strong>kr. 5.995.-<\/strong><\/h3>\n<p style=\"text-align: center;\"><a class=\"maxbutton-1\" href=\"#kontakt01\">Contact<\/a><\/p>\n<\/div><div class=\"fusion-clearfix\"><\/div>\n<p>&nbsp;<\/p>\n<hr \/>\n<p><a name=\"kontakt01\"><\/a><\/p>\n<div class=\"fusion-sep-clear\"><\/div>\n<div class=\"fusion-separator sep-none\" style=\"border-color: #e0dede; margin-top: 40px; margin-bottom: 10px; width: 100%;\"><\/div>\n<div style=\"color: white !important; width: 100%; background-image: url('https:\/\/teglovn.dk\/wp-content\/uploads\/2017\/03\/teglkontny3-1.jpg'); height: 100%;\">\n<div class=\"fusion-one-third one_third fusion-column\">\n<div style=\"margin-left: 50px;\">\n<div class=\"wpcf7 no-js\" id=\"wpcf7-f1167-o1\" lang=\"da-DK\" dir=\"ltr\" data-wpcf7-id=\"1167\">\n<div class=\"screen-reader-response\"><p role=\"status\" aria-live=\"polite\" aria-atomic=\"true\"><\/p> <ul><\/ul><\/div>\n<form action=\"\/en\/wp-json\/wp\/v2\/pages\/176\/#wpcf7-f1167-o1\" method=\"post\" class=\"wpcf7-form init\" aria-label=\"Kontaktformular\" novalidate=\"novalidate\" data-status=\"init\">\n<div style=\"display: none;\">\n<input type=\"hidden\" name=\"_wpcf7\" value=\"1167\" \/>\n<input type=\"hidden\" name=\"_wpcf7_version\" value=\"6.0.6\" \/>\n<input type=\"hidden\" name=\"_wpcf7_locale\" value=\"da_DK\" \/>\n<input type=\"hidden\" name=\"_wpcf7_unit_tag\" value=\"wpcf7-f1167-o1\" \/>\n<input type=\"hidden\" name=\"_wpcf7_container_post\" value=\"0\" \/>\n<input type=\"hidden\" name=\"_wpcf7_posted_data_hash\" value=\"\" \/>\n<input type=\"hidden\" name=\"_wpcf7_recaptcha_response\" value=\"\" \/>\n<\/div>\n<p>Your name (required)\n<\/p>\n<p><span class=\"wpcf7-form-control-wrap\" data-name=\"your-name\"><input size=\"40\" maxlength=\"400\" class=\"wpcf7-form-control wpcf7-text wpcf7-validates-as-required\" aria-required=\"true\" aria-invalid=\"false\" value=\"\" type=\"text\" name=\"your-name\" \/><\/span>\n<\/p>\n<p>Your e-mail (required)\n<\/p>\n<p><span class=\"wpcf7-form-control-wrap\" data-name=\"your-email\"><input size=\"40\" maxlength=\"400\" class=\"wpcf7-form-control wpcf7-email wpcf7-validates-as-required wpcf7-text wpcf7-validates-as-email\" aria-required=\"true\" aria-invalid=\"false\" value=\"\" type=\"email\" name=\"your-email\" \/><\/span>\n<\/p>\n<p>Subject\n<\/p>\n<p><span class=\"wpcf7-form-control-wrap\" data-name=\"your-subject\"><input size=\"40\" maxlength=\"400\" class=\"wpcf7-form-control wpcf7-text\" aria-invalid=\"false\" value=\"\" type=\"text\" name=\"your-subject\" \/><\/span>\n<\/p>\n<p>Your message\n<\/p>\n<p><span class=\"wpcf7-form-control-wrap\" data-name=\"your-message\"><textarea cols=\"40\" rows=\"10\" maxlength=\"2000\" class=\"wpcf7-form-control wpcf7-textarea\" aria-invalid=\"false\" name=\"your-message\"><\/textarea><\/span>\n<\/p>\n\n<p><input class=\"wpcf7-form-control wpcf7-submit has-spinner\" type=\"submit\" value=\"Send\" \/>\n<\/p><div class=\"wpcf7-response-output\" aria-hidden=\"true\"><\/div>\n<\/form>\n<\/div>\n<\/div>\n<\/div>\n<div class=\"fusion-one-third one_third fusion-column last\"><\/div>\n<div class=\"fusion-clearfix\"><\/div>\n<\/div>\n<p>&nbsp;<\/p>\n<p>&nbsp;<\/p>\n<p>We also recieve cases from:<\/p>\n<div><div id=\"mtphr-dnt-126\" class=\"mtphr-dnt mtphr-dnt-126 mtphr-dnt-default mtphr-dnt-scroll mtphr-dnt-scroll-left\"><div class=\"mtphr-dnt-wrapper mtphr-dnt-clearfix\"><div class=\"mtphr-dnt-tick-container\"><div class=\"mtphr-dnt-tick-contents\"><div class=\"mtphr-dnt-tick mtphr-dnt-default-tick mtphr-dnt-clearfix \">123Hjem | Geisler &amp; R\u00f8nne | Amager Bolig | Ejdmf. Marianne M\u00f8llebro | Place2Live | Base 1 | Ejdmf.Hensrik | Ejdmf. Carlsson Living | DK Boligsalg | Bergerud &amp; Krog | Boligm\u00e6gler N\u00e6stved | Gladsaxe Bolig | Bella Bolig | Ekman Bolig | Ejdmf. Ege | Ejdmf. John Frandsen | NCC Boligshop | BO Bacic | Cadeau Bolig | Nord Bo | Hansen Bolig | BBolig | Gravelstone | Min Bolighandel |<\/div><\/div><\/div><\/div><\/div><\/div>\n<p>&nbsp;<\/p>\n<p>&nbsp;<\/p>\n","protected":false},"excerpt":{"rendered":"<p>&nbsp; &nbsp; &nbsp; We also recieve cases from: &nbsp; &nbsp;<\/p>\n","protected":false},"author":3,"featured_media":0,"parent":0,"menu_order":0,"comment_status":"closed","ping_status":"closed","template":"full-width.php","meta":{"footnotes":""},"yst_prominent_words":[],"class_list":["post-176","page","type-page","status-publish","hentry"],"_links":{"self":[{"href":"https:\/\/teglovn.dk\/en\/wp-json\/wp\/v2\/pages\/176\/"}],"collection":[{"href":"https:\/\/teglovn.dk\/en\/wp-json\/wp\/v2\/pages\/"}],"about":[{"href":"https:\/\/teglovn.dk\/en\/wp-json\/wp\/v2\/types\/page\/"}],"author":[{"embeddable":true,"href":"https:\/\/teglovn.dk\/en\/wp-json\/wp\/v2\/users\/3\/"}],"replies":[{"embeddable":true,"href":"https:\/\/teglovn.dk\/en\/wp-json\/wp\/v2\/comments\/?post=176"}],"version-history":[{"count":34,"href":"https:\/\/teglovn.dk\/en\/wp-json\/wp\/v2\/pages\/176\/revisions\/"}],"predecessor-version":[{"id":2800,"href":"https:\/\/teglovn.dk\/en\/wp-json\/wp\/v2\/pages\/176\/revisions\/2800\/"}],"wp:attachment":[{"href":"https:\/\/teglovn.dk\/en\/wp-json\/wp\/v2\/media\/?parent=176"}],"wp:term":[{"taxonomy":"yst_prominent_words","embeddable":true,"href":"https:\/\/teglovn.dk\/en\/wp-json\/wp\/v2\/yst_prominent_words\/?post=176"}],"curies":[{"name":"wp","href":"https:\/\/api.w.org\/{rel}","templated":true}]}}